{"id":26798,"date":"2024-03-17T16:09:53","date_gmt":"2024-03-17T20:09:53","guid":{"rendered":"https:\/\/www.optimalmrm.com\/?page_id=26798"},"modified":"2024-05-01T12:47:09","modified_gmt":"2024-05-01T16:47:09","slug":"etudiants-de-lenseignement-superieur","status":"publish","type":"page","link":"https:\/\/www.optimalmrm.com\/fr\/etudiants-de-lenseignement-superieur\/","title":{"rendered":"\u00c9tudiants de l&#8217;enseignement sup\u00e9rieur"},"content":{"rendered":"<div data-elementor-type=\"wp-page\" data-elementor-id=\"26798\" class=\"elementor elementor-26798\" data-elementor-post-type=\"page\">\n\t\t\t\t\t\t<section class=\"elementor-section elementor-top-section elementor-element elementor-element-0fa268d elementor-section-boxed elementor-section-height-default elementor-section-height-default\" data-id=\"0fa268d\" data-element_type=\"section\">\n\t\t\t\t\t\t<div class=\"elementor-container elementor-column-gap-default\">\n\t\t\t\t\t<div class=\"elementor-column elementor-col-100 elementor-top-column elementor-element elementor-element-6fe667c\" data-id=\"6fe667c\" data-element_type=\"column\">\n\t\t\t<div class=\"elementor-widget-wrap elementor-element-populated\">\n\t\t\t\t\t\t<div class=\"elementor-element elementor-element-e3825d0 elementor-widget elementor-widget-spacer\" data-id=\"e3825d0\" data-element_type=\"widget\" data-widget_type=\"spacer.default\">\n\t\t\t\t<div class=\"elementor-widget-container\">\n\t\t\t\t\t<div class=\"elementor-spacer\">\n\t\t\t<div class=\"elementor-spacer-inner\"><\/div>\n\t\t<\/div>\n\t\t\t\t<\/div>\n\t\t\t\t<\/div>\n\t\t\t\t<div class=\"elementor-element elementor-element-7ab0afe elementor-widget elementor-widget-text-editor\" data-id=\"7ab0afe\" data-element_type=\"widget\" data-widget_type=\"text-editor.default\">\n\t\t\t\t<div class=\"elementor-widget-container\">\n\t\t\t\t\t\t\t<p>Nous soutenons les \u00e9tudiants de l&#8217;enseignement sup\u00e9rieur<br \/>avec des exp\u00e9riences en ligne exceptionnelles.<\/p>\t\t\t\t\t\t<\/div>\n\t\t\t\t<\/div>\n\t\t\t\t\t<\/div>\n\t\t<\/div>\n\t\t\t\t\t<\/div>\n\t\t<\/section>\n\t\t\t\t<section class=\"elementor-section elementor-top-section elementor-element elementor-element-c077452 elementor-section-full_width elementor-section-stretched elementor-section-height-default elementor-section-height-default\" data-id=\"c077452\" data-element_type=\"section\" data-settings=\"{&quot;stretch_section&quot;:&quot;section-stretched&quot;,&quot;background_background&quot;:&quot;classic&quot;}\">\n\t\t\t\t\t\t\t<div class=\"elementor-background-overlay\"><\/div>\n\t\t\t\t\t\t\t<div class=\"elementor-container elementor-column-gap-default\">\n\t\t\t\t\t<div class=\"elementor-column elementor-col-100 elementor-top-column elementor-element elementor-element-ba4b7f1\" data-id=\"ba4b7f1\" data-element_type=\"column\">\n\t\t\t<div class=\"elementor-widget-wrap elementor-element-populated\">\n\t\t\t\t\t\t<div class=\"elementor-element elementor-element-f893150 elementor-widget elementor-widget-shortcode\" data-id=\"f893150\" data-element_type=\"widget\" data-widget_type=\"shortcode.default\">\n\t\t\t\t<div class=\"elementor-widget-container\">\n\t\t\t\t\t<div class=\"elementor-shortcode\"><div id=\"wpfp_2ae6183b105a84e8975cc4cb4c9a82ea\" data-item=\"{&quot;sources&quot;:[{&quot;src&quot;:&quot;https:\\\/\\\/d22clvv23zpwmm.cloudfront.net\\\/students-fr.mp4&quot;,&quot;type&quot;:&quot;video\\\/fv-mp4&quot;}],&quot;splash&quot;:&quot;https:\\\/\\\/www.optimalmrm.com\\\/wp-content\\\/uploads\\\/2024\\\/03\\\/Higher-Education-profs-FR.jpg&quot;,&quot;duration&quot;:97.40768707482994,&quot;subtitles&quot;:[{&quot;srclang&quot;:&quot;fr&quot;,&quot;label&quot;:&quot;Fran\\u00e7ais&quot;,&quot;src&quot;:&quot;https:\\\/\\\/d22clvv23zpwmm.cloudfront.net\\\/fr_vtt_files\\\/students-fr.vtt?Key-Pair-Id=APKAJ6FFFIG3QYK6HZSQ\\u0026Signature=DvR5uFthpDIkDyVAu8YjqqZ0~xbxTT0QmjKTD2MZGneKpm7MRrNKEmic7~XBKb41M7bHvfs3WKXP5KzGfv5eKQxIa376jZzIGk-f9tSHk37ZUZho363T6OhP7BrPz0w5Zlv9KS6LXeg~Dx344QNxy223m0xFuL-MGK4zv1Ut7PCa~Ge99TPNjEhd1ePTmcLmA~rkBioT9ix1xrbjhtYTmqa-tTKHPgPxZpXNJf4pv2e0OcjWaRXIcWBIEN8ajyZ-3alRdL-9eWhbbgSRO8A55tUkVBETVzUeG4WDTknqccHKU6wW1lw1b3QuPmkowkJNRVg9SLeWTfNKdVPh4Nh9pw__\\u0026Expires=1778151097&quot;,&quot;fv_default&quot;:true}]}\" class=\"flowplayer no-brand is-splash is-paused skin-custom no-svg fp-slim fp-playful\" data-fvautoplay=\"-1\" data-button-rewind=\"1\" style=\"position:relative; max-width: 1100px; max-height: 619px; \" data-ratio=\"0.5627\" data-advance=\"false\">\n\t<div class=\"fp-ratio\" style=\"padding-top: 56.27%\"><\/div>\n\t<img decoding=\"async\" class=\"fp-splash\" alt=\"video\" src=\"https:\/\/www.optimalmrm.com\/wp-content\/uploads\/2024\/03\/Higher-Education-profs-FR.jpg\" style=\"position:absolute;top:0;width:100%\" \/>\n\t<div class=\"fp-ui\"><noscript>Veuillez activer JavaScript<\/noscript><div class=\"fp-play fp-visible\"><svg class=\"fp-play-rounded-fill\" xmlns=\"http:\/\/www.w3.org\/2000\/svg\" viewbox=\"0 0 100 100\"><defs><style>.a{fill:#000;opacity:0.65;}.b{fill:#fff;opacity:1.0;}<\/style><\/defs><title>play-rounded-fill<\/title><path class=\"fp-color-play\" d=\"M49.9217-.078a50,50,0,1,0,50,50A50.0564,50.0564,0,0,0,49.9217-.078Z\"\/><path class=\"b\" d=\"M35.942,35.2323c0-4.7289,3.3506-6.6637,7.446-4.2971L68.83,45.6235c4.0956,2.364,4.0956,6.2319,0,8.5977L43.388,68.91c-4.0954,2.364-7.446.43-7.446-4.2979Z\" filter=\"url(#f1)\"\/><\/svg><\/div><div class=\"fp-preload\"><b><\/b><b><\/b><b><\/b><b><\/b><\/div><\/div>\n\n<\/div>\n<\/div>\n\t\t\t\t<\/div>\n\t\t\t\t<\/div>\n\t\t\t\t<div class=\"elementor-element elementor-element-18818eb elementor-align-center elementor-widget elementor-widget-button\" data-id=\"18818eb\" data-element_type=\"widget\" data-widget_type=\"button.default\">\n\t\t\t\t<div class=\"elementor-widget-container\">\n\t\t\t\t\t<div class=\"elementor-button-wrapper\">\n\t\t\t<a class=\"elementor-button elementor-button-link elementor-size-md\" href=\"\/fr\/galerie\">\n\t\t\t\t\t\t<span class=\"elementor-button-content-wrapper\">\n\t\t\t\t\t\t\t\t\t<span class=\"elementor-button-text\">Galerie de cours en ligne<\/span>\n\t\t\t\t\t<\/span>\n\t\t\t\t\t<\/a>\n\t\t<\/div>\n\t\t\t\t<\/div>\n\t\t\t\t<\/div>\n\t\t\t\t\t<\/div>\n\t\t<\/div>\n\t\t\t\t\t<\/div>\n\t\t<\/section>\n\t\t\t\t<section class=\"elementor-section elementor-top-section elementor-element elementor-element-d3475e2 elementor-section-boxed elementor-section-height-default elementor-section-height-default\" data-id=\"d3475e2\" data-element_type=\"section\">\n\t\t\t\t\t\t<div class=\"elementor-container elementor-column-gap-default\">\n\t\t\t\t\t<div class=\"elementor-column elementor-col-100 elementor-top-column elementor-element elementor-element-bae13e5\" data-id=\"bae13e5\" data-element_type=\"column\">\n\t\t\t<div class=\"elementor-widget-wrap elementor-element-populated\">\n\t\t\t\t\t\t<div class=\"elementor-element elementor-element-a3d1332 elementor-widget-divider--view-line elementor-widget elementor-widget-divider\" data-id=\"a3d1332\" data-element_type=\"widget\" data-widget_type=\"divider.default\">\n\t\t\t\t<div class=\"elementor-widget-container\">\n\t\t\t\t\t<div class=\"elementor-divider\">\n\t\t\t<span class=\"elementor-divider-separator\">\n\t\t\t\t\t\t<\/span>\n\t\t<\/div>\n\t\t\t\t<\/div>\n\t\t\t\t<\/div>\n\t\t\t\t<div class=\"elementor-element elementor-element-396489b elementor-widget elementor-widget-text-editor\" data-id=\"396489b\" data-element_type=\"widget\" data-widget_type=\"text-editor.default\">\n\t\t\t\t<div class=\"elementor-widget-container\">\n\t\t\t\t\t\t\t<p>Renseignez-vous aupr\u00e8s de l&#8217;administrateur de votre coll\u00e8ge ou universit\u00e9, sur Optimal MRM.<\/p>\t\t\t\t\t\t<\/div>\n\t\t\t\t<\/div>\n\t\t\t\t\t<\/div>\n\t\t<\/div>\n\t\t\t\t\t<\/div>\n\t\t<\/section>\n\t\t\t\t<section class=\"elementor-section elementor-top-section elementor-element elementor-element-bfa4f86 elementor-section-boxed elementor-section-height-default elementor-section-height-default\" data-id=\"bfa4f86\" data-element_type=\"section\">\n\t\t\t\t\t\t<div class=\"elementor-container elementor-column-gap-default\">\n\t\t\t\t\t<div class=\"elementor-column elementor-col-100 elementor-top-column elementor-element elementor-element-6722e18\" data-id=\"6722e18\" data-element_type=\"column\">\n\t\t\t<div class=\"elementor-widget-wrap elementor-element-populated\">\n\t\t\t\t\t\t<div class=\"elementor-element elementor-element-51dfdb1 elementor-widget elementor-widget-spacer\" data-id=\"51dfdb1\" data-element_type=\"widget\" data-widget_type=\"spacer.default\">\n\t\t\t\t<div class=\"elementor-widget-container\">\n\t\t\t\t\t<div class=\"elementor-spacer\">\n\t\t\t<div class=\"elementor-spacer-inner\"><\/div>\n\t\t<\/div>\n\t\t\t\t<\/div>\n\t\t\t\t<\/div>\n\t\t\t\t\t<\/div>\n\t\t<\/div>\n\t\t\t\t\t<\/div>\n\t\t<\/section>\n\t\t\t\t<\/div>","protected":false},"excerpt":{"rendered":"<p>Nous soutenons les \u00e9tudiants de l&#8217;enseignement sup\u00e9rieuravec des exp\u00e9riences en ligne exceptionnelles. Galerie de cours en ligne Renseignez-vous aupr\u00e8s de l&#8217;administrateur de votre coll\u00e8ge ou universit\u00e9, sur Optimal MRM.<\/p>","protected":false},"author":2,"featured_media":26801,"parent":0,"menu_order":0,"comment_status":"closed","ping_status":"closed","template":"","meta":{"site-sidebar-layout":"no-sidebar","site-content-layout":"plain-container","ast-site-content-layout":"","site-content-style":"default","site-sidebar-style":"default","ast-global-header-display":"","ast-banner-title-visibility":"","ast-main-header-display":"","ast-hfb-above-header-display":"","ast-hfb-below-header-display":"","ast-hfb-mobile-header-display":"","site-post-title":"disabled","ast-breadcrumbs-content":"","ast-featured-img":"disabled","footer-sml-layout":"","theme-transparent-header-meta":"default","adv-header-id-meta":"","stick-header-meta":"default","header-above-stick-meta":"","header-main-stick-meta":"","header-below-stick-meta":"","astra-migrate-meta-layouts":"default","ast-page-background-enabled":"default","ast-page-background-meta":{"desktop":{"background-color":"","background-image":"","background-repeat":"repeat","background-position":"center center","background-size":"auto","background-attachment":"scroll","background-type":"","background-media":"","overlay-type":"","overlay-color":"","overlay-opacity":"","overlay-gradient":""},"tablet":{"background-color":"","background-image":"","background-repeat":"repeat","background-position":"center center","background-size":"auto","background-attachment":"scroll","background-type":"","background-media":"","overlay-type":"","overlay-color":"","overlay-opacity":"","overlay-gradient":""},"mobile":{"background-color":"","background-image":"","background-repeat":"repeat","background-position":"center center","background-size":"auto","background-attachment":"scroll","background-type":"","background-media":"","overlay-type":"","overlay-color":"","overlay-opacity":"","overlay-gradient":""}},"ast-content-background-meta":{"desktop":{"background-color":"var(--ast-global-color-5)","background-image":"","background-repeat":"repeat","background-position":"center center","background-size":"auto","background-attachment":"scroll","background-type":"","background-media":"","overlay-type":"","overlay-color":"","overlay-opacity":"","overlay-gradient":""},"tablet":{"background-color":"var(--ast-global-color-5)","background-image":"","background-repeat":"repeat","background-position":"center center","background-size":"auto","background-attachment":"scroll","background-type":"","background-media":"","overlay-type":"","overlay-color":"","overlay-opacity":"","overlay-gradient":""},"mobile":{"background-color":"var(--ast-global-color-5)","background-image":"","background-repeat":"repeat","background-position":"center center","background-size":"auto","background-attachment":"scroll","background-type":"","background-media":"","overlay-type":"","overlay-color":"","overlay-opacity":"","overlay-gradient":""}},"footnotes":""},"class_list":["post-26798","page","type-page","status-publish","has-post-thumbnail","hentry"],"_links":{"self":[{"href":"https:\/\/www.optimalmrm.com\/fr\/wp-json\/wp\/v2\/pages\/26798","targetHints":{"allow":["GET"]}}],"collection":[{"href":"https:\/\/www.optimalmrm.com\/fr\/wp-json\/wp\/v2\/pages"}],"about":[{"href":"https:\/\/www.optimalmrm.com\/fr\/wp-json\/wp\/v2\/types\/page"}],"author":[{"embeddable":true,"href":"https:\/\/www.optimalmrm.com\/fr\/wp-json\/wp\/v2\/users\/2"}],"replies":[{"embeddable":true,"href":"https:\/\/www.optimalmrm.com\/fr\/wp-json\/wp\/v2\/comments?post=26798"}],"version-history":[{"count":0,"href":"https:\/\/www.optimalmrm.com\/fr\/wp-json\/wp\/v2\/pages\/26798\/revisions"}],"wp:featuredmedia":[{"embeddable":true,"href":"https:\/\/www.optimalmrm.com\/fr\/wp-json\/wp\/v2\/media\/26801"}],"wp:attachment":[{"href":"https:\/\/www.optimalmrm.com\/fr\/wp-json\/wp\/v2\/media?parent=26798"}],"curies":[{"name":"wp","href":"https:\/\/api.w.org\/{rel}","templated":true}]}}