{"id":22776,"date":"2022-06-29T12:51:39","date_gmt":"2022-06-29T16:51:39","guid":{"rendered":"https:\/\/www.optimalmrm.com\/?post_type=product&#038;p=22776"},"modified":"2026-03-26T16:22:26","modified_gmt":"2026-03-26T20:22:26","slug":"test-de-stress","status":"publish","type":"product","link":"https:\/\/www.optimalmrm.com\/fr\/product\/test-de-stress\/","title":{"rendered":"Sc\u00e9narios de stress"},"content":{"rendered":"<p>Dans ce cours d&#8217;apprentissage en ligne, nous approfondissons les aspects critiques de la mesure du risque de stress. Apprenez \u00e0 concevoir des sc\u00e9narios de stress bas\u00e9s sur la volatilit\u00e9 et la corr\u00e9lation des facteurs de risque dans diff\u00e9rentes classes d&#8217;actifs \u00e0 l&#8217;aide d&#8217;Excel. D\u00e9couvrez comment mesurer l&#8217;exposition au risque de stress pour un portefeuille contenant des investissements simples et des positions d&#8217;options sur diff\u00e9rentes classes d&#8217;actifs.<\/p>\n<h4><strong>Qui devrait s&#8217;inscrire :<\/strong><\/h4>\n<p>Ce cours s&#8217;adresse aux professionnels de la finance, aux gestionnaires de risques, aux analystes quantitatifs et \u00e0 toute personne souhaitant am\u00e9liorer sa compr\u00e9hension de la mesure du risque de stress et de la conception de sc\u00e9narios. Il convient aux \u00e9tudiants des coll\u00e8ges et des universit\u00e9s qui aspirent \u00e0 devenir des professionnels du risque et de la finance.<\/p>\n<h4>Ce que vous gagnerez :<\/h4>\n<p>A la fin de ce cours, vous allez<\/p>\n<ul>\n<li>\u00catre comp\u00e9tent dans la conception de sc\u00e9narios de stress bas\u00e9s sur la volatilit\u00e9 des facteurs de risque et la corr\u00e9lation entre les classes d&#8217;actifs en utilisant Excel.<\/li>\n<li>Ma\u00eetriser la mesure de l&#8217;exposition au risque de stress pour divers portefeuilles en utilisant les sensibilit\u00e9s au risque delta, gamma et vega (DGV) dans Excel.<\/li>\n<li>Comprendre comment adapter les sc\u00e9narios de stress pour tenir compte des queues grasses, appliquer la pond\u00e9ration temporelle et prendre en compte la liquidit\u00e9.<\/li>\n<li>Obtenir des informations sur l&#8217;utilisation comparative des sensibilit\u00e9s au risque DGV et de la r\u00e9\u00e9valuation compl\u00e8te des options dans la mesure du risque de stress.<\/li>\n<\/ul>\n<h4><strong>Dur\u00e9e du cours : <\/strong><\/h4>\n<p>45 minutes<\/p>\n<h4>Dur\u00e9e d&#8217;acc\u00e8s au cours :<\/h4>\n<p>270 jours \u00e0 compter de la date d&#8217;inscription.<\/p>\n<h4>Pr\u00e9-requis recommand\u00e9s :<\/h4>\n<ul>\n<li><strong><span style=\"color: #40bf2a;\"><a style=\"color: #002a5c;\" href=\"https:\/\/www.optimalmrm.com\/fr\/produit\/sensibilite-au-risque\/\" target=\"_blank\" rel=\"noopener\">Sensibilit\u00e9s au risque<\/a><\/span><\/strong><\/li>\n<li><strong><span style=\"color: #40bf2a;\"><a style=\"color: #002a5c;\" href=\"https:\/\/www.optimalmrm.com\/fr\/produit\/volatilite-et-correlation\/\" target=\"_blank\" rel=\"noopener\">Volatilit\u00e9 et corr\u00e9lation<\/a><\/span><\/strong><\/li>\n<\/ul>","protected":false},"excerpt":{"rendered":"<p>Dans ce cours d&#8217;apprentissage en ligne, nous approfondissons les aspects critiques de la mesure du risque de stress. Apprenez \u00e0 concevoir des sc\u00e9narios de stress bas\u00e9s sur la volatilit\u00e9 et la corr\u00e9lation des facteurs de risque dans diff\u00e9rentes classes d&#8217;actifs \u00e0 l&#8217;aide d&#8217;Excel. D\u00e9couvrez comment mesurer l&#8217;exposition au risque de stress pour un portefeuille contenant des investissements simples et des positions d&#8217;options sur diff\u00e9rentes classes d&#8217;actifs.<\/p>","protected":false},"featured_media":17106,"comment_status":"closed","ping_status":"closed","template":"","meta":{"site-sidebar-layout":"default","site-content-layout":"default","ast-site-content-layout":"default","site-content-style":"default","site-sidebar-style":"default","ast-global-header-display":"","ast-banner-title-visibility":"","ast-main-header-display":"","ast-hfb-above-header-display":"","ast-hfb-below-header-display":"","ast-hfb-mobile-header-display":"","site-post-title":"","ast-breadcrumbs-content":"","ast-featured-img":"","footer-sml-layout":"","theme-transparent-header-meta":"default","adv-header-id-meta":"","stick-header-meta":"default","header-above-stick-meta":"","header-main-stick-meta":"","header-below-stick-meta":"","astra-migrate-meta-layouts":"set","ast-page-background-enabled":"default","ast-page-background-meta":{"desktop":{"background-color":"","background-image":"","background-repeat":"repeat","background-position":"center center","background-size":"auto","background-attachment":"scroll","background-type":"","background-media":"","overlay-type":"","overlay-color":"","overlay-opacity":"","overlay-gradient":""},"tablet":{"background-color":"","background-image":"","background-repeat":"repeat","background-position":"center center","background-size":"auto","background-attachment":"scroll","background-type":"","background-media":"","overlay-type":"","overlay-color":"","overlay-opacity":"","overlay-gradient":""},"mobile":{"background-color":"","background-image":"","background-repeat":"repeat","background-position":"center center","background-size":"auto","background-attachment":"scroll","background-type":"","background-media":"","overlay-type":"","overlay-color":"","overlay-opacity":"","overlay-gradient":""}},"ast-content-background-meta":{"desktop":{"background-color":"var(--ast-global-color-5)","background-image":"","background-repeat":"repeat","background-position":"center center","background-size":"auto","background-attachment":"scroll","background-type":"","background-media":"","overlay-type":"","overlay-color":"","overlay-opacity":"","overlay-gradient":""},"tablet":{"background-color":"var(--ast-global-color-5)","background-image":"","background-repeat":"repeat","background-position":"center center","background-size":"auto","background-attachment":"scroll","background-type":"","background-media":"","overlay-type":"","overlay-color":"","overlay-opacity":"","overlay-gradient":""},"mobile":{"background-color":"var(--ast-global-color-5)","background-image":"","background-repeat":"repeat","background-position":"center center","background-size":"auto","background-attachment":"scroll","background-type":"","background-media":"","overlay-type":"","overlay-color":"","overlay-opacity":"","overlay-gradient":""}}},"product_brand":[],"product_cat":[270,266],"product_tag":[],"class_list":{"0":"post-22776","1":"product","2":"type-product","3":"status-publish","4":"has-post-thumbnail","6":"product_cat-fr","7":"product_cat-single-courses","8":"desktop-align-center","9":"tablet-align-left","10":"mobile-align-left","11":"ast-product-gallery-layout-horizontal-slider","12":"ast-product-gallery-with-no-image","13":"ast-magnify-disabled","14":"ast-product-tabs-layout-horizontal","16":"first","17":"instock","18":"virtual","19":"sold-individually","20":"taxable","21":"purchasable","22":"product-type-simple"},"_links":{"self":[{"href":"https:\/\/www.optimalmrm.com\/fr\/wp-json\/wp\/v2\/product\/22776","targetHints":{"allow":["GET"]}}],"collection":[{"href":"https:\/\/www.optimalmrm.com\/fr\/wp-json\/wp\/v2\/product"}],"about":[{"href":"https:\/\/www.optimalmrm.com\/fr\/wp-json\/wp\/v2\/types\/product"}],"replies":[{"embeddable":true,"href":"https:\/\/www.optimalmrm.com\/fr\/wp-json\/wp\/v2\/comments?post=22776"}],"version-history":[{"count":0,"href":"https:\/\/www.optimalmrm.com\/fr\/wp-json\/wp\/v2\/product\/22776\/revisions"}],"wp:featuredmedia":[{"embeddable":true,"href":"https:\/\/www.optimalmrm.com\/fr\/wp-json\/wp\/v2\/media\/17106"}],"wp:attachment":[{"href":"https:\/\/www.optimalmrm.com\/fr\/wp-json\/wp\/v2\/media?parent=22776"}],"wp:term":[{"taxonomy":"product_brand","embeddable":true,"href":"https:\/\/www.optimalmrm.com\/fr\/wp-json\/wp\/v2\/product_brand?post=22776"},{"taxonomy":"product_cat","embeddable":true,"href":"https:\/\/www.optimalmrm.com\/fr\/wp-json\/wp\/v2\/product_cat?post=22776"},{"taxonomy":"product_tag","embeddable":true,"href":"https:\/\/www.optimalmrm.com\/fr\/wp-json\/wp\/v2\/product_tag?post=22776"}],"curies":[{"name":"wp","href":"https:\/\/api.w.org\/{rel}","templated":true}]}}