{"id":22790,"date":"2022-06-29T15:09:10","date_gmt":"2022-06-29T19:09:10","guid":{"rendered":"https:\/\/www.optimalmrm.com\/?post_type=product&#038;p=22790"},"modified":"2026-03-26T16:20:49","modified_gmt":"2026-03-26T20:20:49","slug":"gestion-du-risque-de-liquidite","status":"publish","type":"product","link":"https:\/\/www.optimalmrm.com\/fr\/product\/gestion-du-risque-de-liquidite\/","title":{"rendered":"Gestion du risque de liquidit\u00e9"},"content":{"rendered":"<p>Dans ce cours d&#8217;apprentissage en ligne, nous approfondissons les principes de la mesure et de la gestion du risque de liquidit\u00e9, et explorons l&#8217;impact sur la performance des banques du cadre d\u00e9fini par B\u00e2le.<\/p>\n<p>Nous nous engageons avec vous dans des exercices pratiques dans Excel, pour mesurer les ratios de liquidit\u00e9 et de financement de B\u00e2le, LCR et NSFR, pour un bilan bancaire hypoth\u00e9tique ; et simuler les effets de la strat\u00e9gie bancaire, du risque de march\u00e9, du risque de cr\u00e9dit, et de la gestion actif-passif (ALM) sur la liquidit\u00e9 et la performance de la banque.<\/p>\n<h4><strong>Qui devrait s&#8217;inscrire :<\/strong><\/h4>\n<p>Ce cours est id\u00e9al pour les gestionnaires de risques, les analystes financiers, les cadres bancaires et les professionnels qui souhaitent acqu\u00e9rir une compr\u00e9hension globale de la mesure et de la gestion du risque de liquidit\u00e9. Il convient aux \u00e9tudiants des coll\u00e8ges et des universit\u00e9s qui aspirent \u00e0 devenir des professionnels du risque et de la finance.<\/p>\n<h4>Ce que vous gagnerez :<\/h4>\n<p>A la fin de ce cours, vous allez<\/p>\n<ul>\n<li>Acqu\u00e9rir une compr\u00e9hension pratique des principes de mesure et de gestion du risque de liquidit\u00e9.<br \/>\nFaire la diff\u00e9rence entre la liquidit\u00e9 de march\u00e9 et la liquidit\u00e9 de financement et comprendre les exigences r\u00e9glementaires de B\u00e2le pour les banques.<\/li>\n<li>Ma\u00eetriser la mesure des ratios de risque de liquidit\u00e9, LCR et NSFR, pour un bilan bancaire hypoth\u00e9tique, en utilisant Excel comme outil pratique.<\/li>\n<li>Comprendre la relation entre le risque de liquidit\u00e9 et la performance des banques.<\/li>\n<li>D\u00e9velopper des comp\u00e9tences pratiques en simulant les effets de la strat\u00e9gie bancaire, du risque de march\u00e9, du risque de cr\u00e9dit et de la gestion actif-passif (ALM) sur la liquidit\u00e9 et la performance, en am\u00e9liorant vos capacit\u00e9s de gestion du risque.<\/li>\n<\/ul>\n<h4><strong>Dur\u00e9e du cours: <\/strong><\/h4>\n<p>45 minutes<\/p>\n<h4>Dur\u00e9e d&#8217;acc\u00e8s au cours :<\/h4>\n<p>270 jours \u00e0 compter de la date d&#8217;inscription.<\/p>","protected":false},"excerpt":{"rendered":"<p>Dans ce cours d&#8217;apprentissage en ligne, nous approfondissons les principes de la mesure et de la gestion du risque de liquidit\u00e9, et explorons l&#8217;impact sur la performance des banques du cadre d\u00e9fini par B\u00e2le.<\/p>\n<p>Nous nous engageons avec vous dans des exercices pratiques dans Excel, pour mesurer les ratios de liquidit\u00e9 et de financement de B\u00e2le, LCR et NSFR, pour un bilan bancaire hypoth\u00e9tique ; et simuler les effets de la strat\u00e9gie bancaire, du risque de march\u00e9, du risque de cr\u00e9dit, et de la gestion actif-passif (ALM) sur la liquidit\u00e9 et la performance de la banque.<\/p>","protected":false},"featured_media":23248,"comment_status":"closed","ping_status":"closed","template":"","meta":{"site-sidebar-layout":"default","site-content-layout":"default","ast-site-content-layout":"default","site-content-style":"default","site-sidebar-style":"default","ast-global-header-display":"","ast-banner-title-visibility":"","ast-main-header-display":"","ast-hfb-above-header-display":"","ast-hfb-below-header-display":"","ast-hfb-mobile-header-display":"","site-post-title":"","ast-breadcrumbs-content":"","ast-featured-img":"","footer-sml-layout":"","theme-transparent-header-meta":"default","adv-header-id-meta":"","stick-header-meta":"default","header-above-stick-meta":"","header-main-stick-meta":"","header-below-stick-meta":"","astra-migrate-meta-layouts":"set","ast-page-background-enabled":"default","ast-page-background-meta":{"desktop":{"background-color":"","background-image":"","background-repeat":"repeat","background-position":"center center","background-size":"auto","background-attachment":"scroll","background-type":"","background-media":"","overlay-type":"","overlay-color":"","overlay-opacity":"","overlay-gradient":""},"tablet":{"background-color":"","background-image":"","background-repeat":"repeat","background-position":"center center","background-size":"auto","background-attachment":"scroll","background-type":"","background-media":"","overlay-type":"","overlay-color":"","overlay-opacity":"","overlay-gradient":""},"mobile":{"background-color":"","background-image":"","background-repeat":"repeat","background-position":"center center","background-size":"auto","background-attachment":"scroll","background-type":"","background-media":"","overlay-type":"","overlay-color":"","overlay-opacity":"","overlay-gradient":""}},"ast-content-background-meta":{"desktop":{"background-color":"var(--ast-global-color-5)","background-image":"","background-repeat":"repeat","background-position":"center center","background-size":"auto","background-attachment":"scroll","background-type":"","background-media":"","overlay-type":"","overlay-color":"","overlay-opacity":"","overlay-gradient":""},"tablet":{"background-color":"var(--ast-global-color-5)","background-image":"","background-repeat":"repeat","background-position":"center center","background-size":"auto","background-attachment":"scroll","background-type":"","background-media":"","overlay-type":"","overlay-color":"","overlay-opacity":"","overlay-gradient":""},"mobile":{"background-color":"var(--ast-global-color-5)","background-image":"","background-repeat":"repeat","background-position":"center center","background-size":"auto","background-attachment":"scroll","background-type":"","background-media":"","overlay-type":"","overlay-color":"","overlay-opacity":"","overlay-gradient":""}}},"product_brand":[],"product_cat":[270,266],"product_tag":[],"class_list":{"0":"post-22790","1":"product","2":"type-product","3":"status-publish","4":"has-post-thumbnail","6":"product_cat-fr","7":"product_cat-single-courses","8":"desktop-align-center","9":"tablet-align-left","10":"mobile-align-left","11":"ast-product-gallery-layout-horizontal-slider","12":"ast-product-gallery-with-no-image","13":"ast-magnify-disabled","14":"ast-product-tabs-layout-horizontal","16":"first","17":"instock","18":"virtual","19":"sold-individually","20":"taxable","21":"purchasable","22":"product-type-simple"},"_links":{"self":[{"href":"https:\/\/www.optimalmrm.com\/fr\/wp-json\/wp\/v2\/product\/22790","targetHints":{"allow":["GET"]}}],"collection":[{"href":"https:\/\/www.optimalmrm.com\/fr\/wp-json\/wp\/v2\/product"}],"about":[{"href":"https:\/\/www.optimalmrm.com\/fr\/wp-json\/wp\/v2\/types\/product"}],"replies":[{"embeddable":true,"href":"https:\/\/www.optimalmrm.com\/fr\/wp-json\/wp\/v2\/comments?post=22790"}],"version-history":[{"count":0,"href":"https:\/\/www.optimalmrm.com\/fr\/wp-json\/wp\/v2\/product\/22790\/revisions"}],"wp:featuredmedia":[{"embeddable":true,"href":"https:\/\/www.optimalmrm.com\/fr\/wp-json\/wp\/v2\/media\/23248"}],"wp:attachment":[{"href":"https:\/\/www.optimalmrm.com\/fr\/wp-json\/wp\/v2\/media?parent=22790"}],"wp:term":[{"taxonomy":"product_brand","embeddable":true,"href":"https:\/\/www.optimalmrm.com\/fr\/wp-json\/wp\/v2\/product_brand?post=22790"},{"taxonomy":"product_cat","embeddable":true,"href":"https:\/\/www.optimalmrm.com\/fr\/wp-json\/wp\/v2\/product_cat?post=22790"},{"taxonomy":"product_tag","embeddable":true,"href":"https:\/\/www.optimalmrm.com\/fr\/wp-json\/wp\/v2\/product_tag?post=22790"}],"curies":[{"name":"wp","href":"https:\/\/api.w.org\/{rel}","templated":true}]}}